{"id":59,"date":"2017-04-04T00:33:04","date_gmt":"2017-04-03T22:33:04","guid":{"rendered":"http:\/\/prod.bymycar.fr\/webzine\/?page_id=59"},"modified":"2017-12-04T14:28:48","modified_gmt":"2017-12-04T13:28:48","slug":"contactez-nous","status":"publish","type":"page","link":"https:\/\/www.bymycar.fr\/webzine\/contactez-nous\/","title":{"rendered":"Contactez-nous"},"content":{"rendered":"<p>&nbsp;<\/p>\n\n<div class=\"wpcf7 no-js\" id=\"wpcf7-f219-o1\" lang=\"fr-FR\" dir=\"ltr\" data-wpcf7-id=\"219\">\n<div class=\"screen-reader-response\"><p role=\"status\" aria-live=\"polite\" aria-atomic=\"true\"><\/p> <ul><\/ul><\/div>\n<form action=\"\/webzine\/wp-json\/wp\/v2\/pages\/59#wpcf7-f219-o1\" method=\"post\" class=\"wpcf7-form init\" aria-label=\"Formulaire de contact\" novalidate=\"novalidate\" data-status=\"init\">\n<fieldset class=\"hidden-fields-container\"><input type=\"hidden\" name=\"_wpcf7\" value=\"219\" \/><input type=\"hidden\" name=\"_wpcf7_version\" value=\"6.1.3\" \/><input type=\"hidden\" name=\"_wpcf7_locale\" value=\"fr_FR\" \/><input type=\"hidden\" name=\"_wpcf7_unit_tag\" value=\"wpcf7-f219-o1\" \/><input type=\"hidden\" name=\"_wpcf7_container_post\" value=\"0\" \/><input type=\"hidden\" name=\"_wpcf7_posted_data_hash\" value=\"\" \/><input type=\"hidden\" name=\"_wpcf7_recaptcha_response\" value=\"\" \/>\n<\/fieldset>\n<div class=\"flex flex-row flex-wrap -mx-4\"><div class=\"w-1\/2 flex flex-col gap-4 align-top px-4\">\n\n    <label> Votre nom (obligatoire) <\/label>\n    <span class=\"wpcf7-form-control-wrap\" data-name=\"your-name\"><input size=\"40\" maxlength=\"400\" class=\"wpcf7-form-control wpcf7-text wpcf7-validates-as-required\" aria-required=\"true\" aria-invalid=\"false\" value=\"\" type=\"text\" name=\"your-name\" \/><\/span>\n\n    <label> Votre e-mail (obligatoire) <\/label>\n    <span class=\"wpcf7-form-control-wrap\" data-name=\"your-email\"><input size=\"40\" maxlength=\"400\" class=\"wpcf7-form-control wpcf7-email wpcf7-validates-as-required wpcf7-text wpcf7-validates-as-email\" aria-required=\"true\" aria-invalid=\"false\" value=\"\" type=\"email\" name=\"your-email\" \/><\/span>\n\n    <label> Adresse <\/label>\n    <span class=\"wpcf7-form-control-wrap\" data-name=\"text-390\"><input size=\"40\" maxlength=\"400\" class=\"wpcf7-form-control wpcf7-text\" aria-invalid=\"false\" value=\"\" type=\"text\" name=\"text-390\" \/><\/span>\n\n   <label> Code postal (obligatoire) <\/label>    \n   <span class=\"wpcf7-form-control-wrap\" data-name=\"CP-214\"><input size=\"50\" maxlength=\"400\" class=\"wpcf7-form-control wpcf7-text wpcf7-validates-as-required\" aria-required=\"true\" aria-invalid=\"false\" value=\"\" type=\"text\" name=\"CP-214\" \/><\/span>\n\n<\/div>\n\n<div class=\"w-1\/2 flex flex-col gap-4 align-top px-4\">\n\n    <label> T\u00e9l\u00e9phone (obligatoire)<\/label>\n    <span class=\"wpcf7-form-control-wrap\" data-name=\"tel-41\"><input size=\"40\" maxlength=\"400\" class=\"wpcf7-form-control wpcf7-tel wpcf7-validates-as-required wpcf7-text wpcf7-validates-as-tel\" aria-required=\"true\" aria-invalid=\"false\" value=\"\" type=\"tel\" name=\"tel-41\" \/><\/span>\n\n    <label> Votre message<\/label>\n    <span class=\"wpcf7-form-control-wrap\" data-name=\"your-message\"><textarea cols=\"40\" rows=\"10\" maxlength=\"2000\" class=\"wpcf7-form-control wpcf7-textarea\" aria-invalid=\"false\" name=\"your-message\"><\/textarea><\/span> \n\n<\/div>\n\n<div class=\"w-full flex flex-col items-center gap-y-2 text-center mt-4\"><input class=\"wpcf7-form-control wpcf7-submit has-spinner\" type=\"submit\" value=\"Envoyer\" \/><\/div><\/div><div class=\"wpcf7-response-output\" aria-hidden=\"true\"><\/div>\n<\/form>\n<\/div>\n\n","protected":false},"excerpt":{"rendered":"<p>&nbsp;<\/p>\n","protected":false},"author":1,"featured_media":72,"parent":0,"menu_order":0,"comment_status":"closed","ping_status":"closed","template":"","meta":{"_acf_changed":false,"footnotes":""},"class_list":["post-59","page","type-page","status-publish","has-post-thumbnail","hentry"],"acf":[],"yoast_head":"<!-- This site is optimized with the Yoast SEO Premium plugin v26.4 (Yoast SEO v26.4) - https:\/\/yoast.com\/wordpress\/plugins\/seo\/ -->\n<title>N&#039;&#039;h\u00e9sitez pas \u00e0 nous contacter, BYmyCAR est l\u00e0 pour vous.<\/title>\n<meta name=\"description\" content=\"Une question, un renseignement? N&#039;h\u00e9sitez pas \u00e0 nous contacter, nous vous r\u00e9pondrons dans les plus brefs d\u00e9lais, quelle que soit votre demande.\" \/>\n<meta name=\"robots\" content=\"index, follow, max-snippet:-1, max-image-preview:large, max-video-preview:-1\" \/>\n<link rel=\"canonical\" href=\"https:\/\/www.bymycar.fr\/webzine\/contactez-nous\/\" \/>\n<meta property=\"og:locale\" content=\"fr_FR\" \/>\n<meta property=\"og:type\" content=\"article\" \/>\n<meta property=\"og:title\" content=\"Contactez-nous\" \/>\n<meta property=\"og:description\" content=\"Une question, un renseignement? N&#039;h\u00e9sitez pas \u00e0 nous contacter, nous vous r\u00e9pondrons dans les plus brefs d\u00e9lais, quelle que soit votre demande.\" \/>\n<meta property=\"og:url\" content=\"https:\/\/www.bymycar.fr\/webzine\/contactez-nous\/\" \/>\n<meta property=\"og:site_name\" content=\"Webzine auto BYmyCAR\" \/>\n<meta property=\"article:modified_time\" content=\"2017-12-04T13:28:48+00:00\" \/>\n<meta property=\"og:image\" content=\"https:\/\/www.bymycar.fr\/webzine\/wp-content\/uploads\/2017\/04\/header-bg.jpg\" \/>\n\t<meta property=\"og:image:width\" content=\"1600\" \/>\n\t<meta property=\"og:image:height\" content=\"774\" \/>\n\t<meta property=\"og:image:type\" content=\"image\/jpeg\" \/>\n<meta name=\"twitter:card\" content=\"summary_large_image\" \/>\n<script type=\"application\/ld+json\" class=\"yoast-schema-graph\">{\"@context\":\"https:\/\/schema.org\",\"@graph\":[{\"@type\":\"WebPage\",\"@id\":\"https:\/\/www.bymycar.fr\/webzine\/contactez-nous\/\",\"url\":\"https:\/\/www.bymycar.fr\/webzine\/contactez-nous\/\",\"name\":\"N''h\u00e9sitez pas \u00e0 nous contacter, BYmyCAR est l\u00e0 pour vous.\",\"isPartOf\":{\"@id\":\"https:\/\/www.bymycar.fr\/webzine\/#website\"},\"primaryImageOfPage\":{\"@id\":\"https:\/\/www.bymycar.fr\/webzine\/contactez-nous\/#primaryimage\"},\"image\":{\"@id\":\"https:\/\/www.bymycar.fr\/webzine\/contactez-nous\/#primaryimage\"},\"thumbnailUrl\":\"https:\/\/www.bymycar.fr\/webzine\/wp-content\/uploads\/2017\/04\/header-bg.jpg\",\"datePublished\":\"2017-04-03T22:33:04+00:00\",\"dateModified\":\"2017-12-04T13:28:48+00:00\",\"description\":\"Une question, un renseignement? N'h\u00e9sitez pas \u00e0 nous contacter, nous vous r\u00e9pondrons dans les plus brefs d\u00e9lais, quelle que soit votre demande.\",\"breadcrumb\":{\"@id\":\"https:\/\/www.bymycar.fr\/webzine\/contactez-nous\/#breadcrumb\"},\"inLanguage\":\"fr-FR\",\"potentialAction\":[{\"@type\":\"ReadAction\",\"target\":[\"https:\/\/www.bymycar.fr\/webzine\/contactez-nous\/\"]}]},{\"@type\":\"ImageObject\",\"inLanguage\":\"fr-FR\",\"@id\":\"https:\/\/www.bymycar.fr\/webzine\/contactez-nous\/#primaryimage\",\"url\":\"https:\/\/www.bymycar.fr\/webzine\/wp-content\/uploads\/2017\/04\/header-bg.jpg\",\"contentUrl\":\"https:\/\/www.bymycar.fr\/webzine\/wp-content\/uploads\/2017\/04\/header-bg.jpg\",\"width\":1600,\"height\":774},{\"@type\":\"BreadcrumbList\",\"@id\":\"https:\/\/www.bymycar.fr\/webzine\/contactez-nous\/#breadcrumb\",\"itemListElement\":[{\"@type\":\"ListItem\",\"position\":1,\"name\":\"Accueil\",\"item\":\"https:\/\/www.bymycar.fr\/webzine\/\"},{\"@type\":\"ListItem\",\"position\":2,\"name\":\"Contactez-nous\"}]},{\"@type\":\"WebSite\",\"@id\":\"https:\/\/www.bymycar.fr\/webzine\/#website\",\"url\":\"https:\/\/www.bymycar.fr\/webzine\/\",\"name\":\"Webzine auto BYmyCAR\",\"description\":\"La magazine auto de BYmyCAR\",\"publisher\":{\"@id\":\"https:\/\/www.bymycar.fr\/webzine\/#organization\"},\"potentialAction\":[{\"@type\":\"SearchAction\",\"target\":{\"@type\":\"EntryPoint\",\"urlTemplate\":\"https:\/\/www.bymycar.fr\/webzine\/?s={search_term_string}\"},\"query-input\":{\"@type\":\"PropertyValueSpecification\",\"valueRequired\":true,\"valueName\":\"search_term_string\"}}],\"inLanguage\":\"fr-FR\"},{\"@type\":\"Organization\",\"@id\":\"https:\/\/www.bymycar.fr\/webzine\/#organization\",\"name\":\"BYmyCAR\",\"url\":\"https:\/\/www.bymycar.fr\/webzine\/\",\"logo\":{\"@type\":\"ImageObject\",\"inLanguage\":\"fr-FR\",\"@id\":\"https:\/\/www.bymycar.fr\/webzine\/#\/schema\/logo\/image\/\",\"url\":\"https:\/\/cdn.bymycar.eu\/fr-webzine\/wp-content\/uploads\/medias\/2017\/08\/logo_DEALER_00000406_001.png\",\"contentUrl\":\"https:\/\/cdn.bymycar.eu\/fr-webzine\/wp-content\/uploads\/medias\/2017\/08\/logo_DEALER_00000406_001.png\",\"width\":2132,\"height\":720,\"caption\":\"BYmyCAR\"},\"image\":{\"@id\":\"https:\/\/www.bymycar.fr\/webzine\/#\/schema\/logo\/image\/\"}}]}<\/script>\n<!-- \/ Yoast SEO Premium plugin. -->","yoast_head_json":{"title":"N''h\u00e9sitez pas \u00e0 nous contacter, BYmyCAR est l\u00e0 pour vous.","description":"Une question, un renseignement? N'h\u00e9sitez pas \u00e0 nous contacter, nous vous r\u00e9pondrons dans les plus brefs d\u00e9lais, quelle que soit votre demande.","robots":{"index":"index","follow":"follow","max-snippet":"max-snippet:-1","max-image-preview":"max-image-preview:large","max-video-preview":"max-video-preview:-1"},"canonical":"https:\/\/www.bymycar.fr\/webzine\/contactez-nous\/","og_locale":"fr_FR","og_type":"article","og_title":"Contactez-nous","og_description":"Une question, un renseignement? N'h\u00e9sitez pas \u00e0 nous contacter, nous vous r\u00e9pondrons dans les plus brefs d\u00e9lais, quelle que soit votre demande.","og_url":"https:\/\/www.bymycar.fr\/webzine\/contactez-nous\/","og_site_name":"Webzine auto BYmyCAR","article_modified_time":"2017-12-04T13:28:48+00:00","og_image":[{"width":1600,"height":774,"url":"https:\/\/www.bymycar.fr\/webzine\/wp-content\/uploads\/2017\/04\/header-bg.jpg","type":"image\/jpeg"}],"twitter_card":"summary_large_image","schema":{"@context":"https:\/\/schema.org","@graph":[{"@type":"WebPage","@id":"https:\/\/www.bymycar.fr\/webzine\/contactez-nous\/","url":"https:\/\/www.bymycar.fr\/webzine\/contactez-nous\/","name":"N''h\u00e9sitez pas \u00e0 nous contacter, BYmyCAR est l\u00e0 pour vous.","isPartOf":{"@id":"https:\/\/www.bymycar.fr\/webzine\/#website"},"primaryImageOfPage":{"@id":"https:\/\/www.bymycar.fr\/webzine\/contactez-nous\/#primaryimage"},"image":{"@id":"https:\/\/www.bymycar.fr\/webzine\/contactez-nous\/#primaryimage"},"thumbnailUrl":"https:\/\/www.bymycar.fr\/webzine\/wp-content\/uploads\/2017\/04\/header-bg.jpg","datePublished":"2017-04-03T22:33:04+00:00","dateModified":"2017-12-04T13:28:48+00:00","description":"Une question, un renseignement? N'h\u00e9sitez pas \u00e0 nous contacter, nous vous r\u00e9pondrons dans les plus brefs d\u00e9lais, quelle que soit votre demande.","breadcrumb":{"@id":"https:\/\/www.bymycar.fr\/webzine\/contactez-nous\/#breadcrumb"},"inLanguage":"fr-FR","potentialAction":[{"@type":"ReadAction","target":["https:\/\/www.bymycar.fr\/webzine\/contactez-nous\/"]}]},{"@type":"ImageObject","inLanguage":"fr-FR","@id":"https:\/\/www.bymycar.fr\/webzine\/contactez-nous\/#primaryimage","url":"https:\/\/www.bymycar.fr\/webzine\/wp-content\/uploads\/2017\/04\/header-bg.jpg","contentUrl":"https:\/\/www.bymycar.fr\/webzine\/wp-content\/uploads\/2017\/04\/header-bg.jpg","width":1600,"height":774},{"@type":"BreadcrumbList","@id":"https:\/\/www.bymycar.fr\/webzine\/contactez-nous\/#breadcrumb","itemListElement":[{"@type":"ListItem","position":1,"name":"Accueil","item":"https:\/\/www.bymycar.fr\/webzine\/"},{"@type":"ListItem","position":2,"name":"Contactez-nous"}]},{"@type":"WebSite","@id":"https:\/\/www.bymycar.fr\/webzine\/#website","url":"https:\/\/www.bymycar.fr\/webzine\/","name":"Webzine auto BYmyCAR","description":"La magazine auto de BYmyCAR","publisher":{"@id":"https:\/\/www.bymycar.fr\/webzine\/#organization"},"potentialAction":[{"@type":"SearchAction","target":{"@type":"EntryPoint","urlTemplate":"https:\/\/www.bymycar.fr\/webzine\/?s={search_term_string}"},"query-input":{"@type":"PropertyValueSpecification","valueRequired":true,"valueName":"search_term_string"}}],"inLanguage":"fr-FR"},{"@type":"Organization","@id":"https:\/\/www.bymycar.fr\/webzine\/#organization","name":"BYmyCAR","url":"https:\/\/www.bymycar.fr\/webzine\/","logo":{"@type":"ImageObject","inLanguage":"fr-FR","@id":"https:\/\/www.bymycar.fr\/webzine\/#\/schema\/logo\/image\/","url":"https:\/\/cdn.bymycar.eu\/fr-webzine\/wp-content\/uploads\/medias\/2017\/08\/logo_DEALER_00000406_001.png","contentUrl":"https:\/\/cdn.bymycar.eu\/fr-webzine\/wp-content\/uploads\/medias\/2017\/08\/logo_DEALER_00000406_001.png","width":2132,"height":720,"caption":"BYmyCAR"},"image":{"@id":"https:\/\/www.bymycar.fr\/webzine\/#\/schema\/logo\/image\/"}}]}},"_links":{"self":[{"href":"https:\/\/www.bymycar.fr\/webzine\/wp-json\/wp\/v2\/pages\/59","targetHints":{"allow":["GET"]}}],"collection":[{"href":"https:\/\/www.bymycar.fr\/webzine\/wp-json\/wp\/v2\/pages"}],"about":[{"href":"https:\/\/www.bymycar.fr\/webzine\/wp-json\/wp\/v2\/types\/page"}],"author":[{"embeddable":true,"href":"https:\/\/www.bymycar.fr\/webzine\/wp-json\/wp\/v2\/users\/1"}],"replies":[{"embeddable":true,"href":"https:\/\/www.bymycar.fr\/webzine\/wp-json\/wp\/v2\/comments?post=59"}],"version-history":[{"count":3,"href":"https:\/\/www.bymycar.fr\/webzine\/wp-json\/wp\/v2\/pages\/59\/revisions"}],"predecessor-version":[{"id":56958,"href":"https:\/\/www.bymycar.fr\/webzine\/wp-json\/wp\/v2\/pages\/59\/revisions\/56958"}],"wp:featuredmedia":[{"embeddable":true,"href":"https:\/\/www.bymycar.fr\/webzine\/wp-json\/wp\/v2\/media\/72"}],"wp:attachment":[{"href":"https:\/\/www.bymycar.fr\/webzine\/wp-json\/wp\/v2\/media?parent=59"}],"curies":[{"name":"wp","href":"https:\/\/api.w.org\/{rel}","templated":true}]}}